{"id":15065,"date":"2024-03-18T20:09:06","date_gmt":"2024-03-19T02:09:06","guid":{"rendered":"https:\/\/munidejutiapa.gob.gt\/?page_id=15065"},"modified":"2025-06-16T09:30:43","modified_gmt":"2025-06-16T15:30:43","slug":"concejo-municipal-2024-2028","status":"publish","type":"page","link":"https:\/\/munidejutiapa.gob.gt\/?page_id=15065","title":{"rendered":"Concejo Municipal 2024-2028"},"content":{"rendered":"\n<div class=\"wp-block-uagb-container uagb-block-49ff4157 alignfull uagb-is-root-container\"><div class=\"uagb-container-inner-blocks-wrap\">\n<div class=\"wp-block-uagb-container uagb-block-e22e9f9a\">\n<div class=\"wp-block-uagb-image uagb-block-4719e9eb wp-block-uagb-image--layout-default wp-block-uagb-image--effect-zoomin wp-block-uagb-image--align-none\"><figure class=\"wp-block-uagb-image__figure\"><a class=\"\" href=\"https:\/\/munidejutiapa.gob.gt\/?page_id=15142\" target=\"\" rel=\"noopener\"><img srcset=\"https:\/\/munidejutiapa.gob.gt\/wp-content\/uploads\/2024\/03\/00-1024x682.jpg ,https:\/\/munidejutiapa.gob.gt\/wp-content\/uploads\/2024\/03\/00.jpg 780w, https:\/\/munidejutiapa.gob.gt\/wp-content\/uploads\/2024\/03\/00.jpg 360w\" sizes=\"(max-width: 480px) 150px\" src=\"https:\/\/munidejutiapa.gob.gt\/wp-content\/uploads\/2024\/03\/00-1024x682.jpg\" alt=\"\" class=\"uag-image-15066\" width=\"1280\" height=\"853\" title=\"Alcalde Municipal\" loading=\"lazy\" role=\"img\"\/><\/a><figcaption class=\"uagb-image-caption\"><strong>Ing. Oscar Edilberto Pineda Barahona<\/strong><br>Alcalde Municipal<\/figcaption><\/figure><\/div>\n<\/div>\n\n\n\n<div class=\"wp-block-uagb-container uagb-block-25288223\">\n<div class=\"wp-block-uagb-image uagb-block-bbe1d8d4 wp-block-uagb-image--layout-default wp-block-uagb-image--effect-zoomin wp-block-uagb-image--align-none\"><figure class=\"wp-block-uagb-image__figure\"><img srcset=\"https:\/\/munidejutiapa.gob.gt\/wp-content\/uploads\/2024\/03\/10-2-1024x682.jpg ,https:\/\/munidejutiapa.gob.gt\/wp-content\/uploads\/2024\/03\/10-2.jpg 780w, https:\/\/munidejutiapa.gob.gt\/wp-content\/uploads\/2024\/03\/10-2.jpg 360w\" sizes=\"(max-width: 480px) 150px\" src=\"https:\/\/munidejutiapa.gob.gt\/wp-content\/uploads\/2024\/03\/10-2-1024x682.jpg\" alt=\"\" class=\"uag-image-15067\" width=\"1280\" height=\"853\" title=\"S\u00edndico I\" loading=\"lazy\" role=\"img\"\/><figcaption class=\"uagb-image-caption\"><strong>Luis Fernando Recinos Casta\u00f1eda<\/strong><br>S\u00edndico I<\/figcaption><\/figure><\/div>\n<\/div>\n\n\n\n<div class=\"wp-block-uagb-container uagb-block-479eb760\">\n<div class=\"wp-block-uagb-image uagb-block-cb369252 wp-block-uagb-image--layout-default wp-block-uagb-image--effect-zoomin wp-block-uagb-image--align-none\"><figure class=\"wp-block-uagb-image__figure\"><img srcset=\"https:\/\/munidejutiapa.gob.gt\/wp-content\/uploads\/2024\/03\/14-1024x682.jpg ,https:\/\/munidejutiapa.gob.gt\/wp-content\/uploads\/2024\/03\/14.jpg 780w, https:\/\/munidejutiapa.gob.gt\/wp-content\/uploads\/2024\/03\/14.jpg 360w\" sizes=\"(max-width: 480px) 150px\" src=\"https:\/\/munidejutiapa.gob.gt\/wp-content\/uploads\/2024\/03\/14-1024x682.jpg\" alt=\"\" class=\"uag-image-15068\" width=\"1280\" height=\"853\" title=\"S\u00edndico II\" loading=\"lazy\" role=\"img\"\/><figcaption class=\"uagb-image-caption\"><strong>Ronal Remberto Carrillo Gudiel<\/strong><br>S\u00edndico II<\/figcaption><\/figure><\/div>\n<\/div>\n\n\n\n<div class=\"wp-block-uagb-container uagb-block-e965563e\">\n<div class=\"wp-block-uagb-image uagb-block-f0b151bb wp-block-uagb-image--layout-default wp-block-uagb-image--effect-zoomin wp-block-uagb-image--align-none\"><figure class=\"wp-block-uagb-image__figure\"><img srcset=\"https:\/\/munidejutiapa.gob.gt\/wp-content\/uploads\/2024\/03\/06-4-1024x682.jpg ,https:\/\/munidejutiapa.gob.gt\/wp-content\/uploads\/2024\/03\/06-4.jpg 780w, https:\/\/munidejutiapa.gob.gt\/wp-content\/uploads\/2024\/03\/06-4.jpg 360w\" sizes=\"(max-width: 480px) 150px\" src=\"https:\/\/munidejutiapa.gob.gt\/wp-content\/uploads\/2024\/03\/06-4-1024x682.jpg\" alt=\"\" class=\"uag-image-15131\" width=\"1280\" height=\"853\" title=\"S\u00edndico III\" loading=\"lazy\" role=\"img\"\/><figcaption class=\"uagb-image-caption\"><strong>Marvin Obed Zu\u00f1iga Corado<\/strong><br>S\u00edndico III<\/figcaption><\/figure><\/div>\n<\/div>\n\n\n\n<div class=\"wp-block-uagb-container uagb-block-6c3ca83e\">\n<div class=\"wp-block-uagb-image uagb-block-fa3a7682 wp-block-uagb-image--layout-default wp-block-uagb-image--effect-zoomin wp-block-uagb-image--align-none\"><figure class=\"wp-block-uagb-image__figure\"><img srcset=\"https:\/\/munidejutiapa.gob.gt\/wp-content\/uploads\/2024\/03\/13-1024x682.jpg ,https:\/\/munidejutiapa.gob.gt\/wp-content\/uploads\/2024\/03\/13.jpg 780w, https:\/\/munidejutiapa.gob.gt\/wp-content\/uploads\/2024\/03\/13.jpg 360w\" sizes=\"(max-width: 480px) 150px\" src=\"https:\/\/munidejutiapa.gob.gt\/wp-content\/uploads\/2024\/03\/13-1024x682.jpg\" alt=\"\" class=\"uag-image-15081\" width=\"1280\" height=\"853\" title=\"Concejal I\" loading=\"lazy\" role=\"img\"\/><figcaption class=\"uagb-image-caption\"><strong>Tulio Ren\u00e9 M\u00e9ndez Alarc\u00f3n<\/strong><br>Concejal I<\/figcaption><\/figure><\/div>\n<\/div>\n\n\n\n<div class=\"wp-block-uagb-container uagb-block-f58c1b8f\">\n<div class=\"wp-block-uagb-image uagb-block-bb53619e wp-block-uagb-image--layout-default wp-block-uagb-image--effect-zoomin wp-block-uagb-image--align-none\"><figure class=\"wp-block-uagb-image__figure\"><img srcset=\"https:\/\/munidejutiapa.gob.gt\/wp-content\/uploads\/2024\/03\/04-4-1024x682.jpg ,https:\/\/munidejutiapa.gob.gt\/wp-content\/uploads\/2024\/03\/04-4.jpg 780w, https:\/\/munidejutiapa.gob.gt\/wp-content\/uploads\/2024\/03\/04-4.jpg 360w\" sizes=\"(max-width: 480px) 150px\" src=\"https:\/\/munidejutiapa.gob.gt\/wp-content\/uploads\/2024\/03\/04-4-1024x682.jpg\" alt=\"\" class=\"uag-image-15085\" width=\"1280\" height=\"853\" title=\"Concejal II\" loading=\"lazy\" role=\"img\"\/><figcaption class=\"uagb-image-caption\"><strong>Ren\u00e9 Orlando L\u00f3pez y L\u00f3pez<\/strong><br>Concejal II<\/figcaption><\/figure><\/div>\n<\/div>\n<\/div><\/div>\n\n\n\n<div class=\"wp-block-uagb-container uagb-block-880efa1c alignfull uagb-is-root-container\"><div class=\"uagb-container-inner-blocks-wrap\">\n<div class=\"wp-block-uagb-container uagb-block-21b35dd4\">\n<div class=\"wp-block-uagb-image uagb-block-4ea26e34 wp-block-uagb-image--layout-default wp-block-uagb-image--effect-zoomin wp-block-uagb-image--align-none\"><figure class=\"wp-block-uagb-image__figure\"><img srcset=\"https:\/\/munidejutiapa.gob.gt\/wp-content\/uploads\/2024\/03\/09-3-1024x682.jpg ,https:\/\/munidejutiapa.gob.gt\/wp-content\/uploads\/2024\/03\/09-3.jpg 780w, https:\/\/munidejutiapa.gob.gt\/wp-content\/uploads\/2024\/03\/09-3.jpg 360w\" sizes=\"(max-width: 480px) 150px\" src=\"https:\/\/munidejutiapa.gob.gt\/wp-content\/uploads\/2024\/03\/09-3-1024x682.jpg\" alt=\"\" class=\"uag-image-15110\" width=\"1280\" height=\"853\" title=\"Concejal III\" loading=\"lazy\" role=\"img\"\/><figcaption class=\"uagb-image-caption\"><strong>No\u00e9 Salom\u00f3n Maldonado N\u00e1jera<\/strong><br>Concejal III<\/figcaption><\/figure><\/div>\n<\/div>\n\n\n\n<div class=\"wp-block-uagb-container uagb-block-3f8852b0\">\n<div class=\"wp-block-uagb-image uagb-block-5f61133a wp-block-uagb-image--layout-default wp-block-uagb-image--effect-zoomin wp-block-uagb-image--align-none\"><figure class=\"wp-block-uagb-image__figure\"><img srcset=\"https:\/\/munidejutiapa.gob.gt\/wp-content\/uploads\/2024\/03\/08-3-1024x682.jpg ,https:\/\/munidejutiapa.gob.gt\/wp-content\/uploads\/2024\/03\/08-3.jpg 780w, https:\/\/munidejutiapa.gob.gt\/wp-content\/uploads\/2024\/03\/08-3.jpg 360w\" sizes=\"(max-width: 480px) 150px\" src=\"https:\/\/munidejutiapa.gob.gt\/wp-content\/uploads\/2024\/03\/08-3-1024x682.jpg\" alt=\"\" class=\"uag-image-15094\" width=\"1280\" height=\"853\" title=\"Concejal IV\" loading=\"lazy\" role=\"img\"\/><figcaption class=\"uagb-image-caption\"><strong>Jorge Omar V\u00e1squez Le\u00f3n<\/strong><br>Concejal IV<\/figcaption><\/figure><\/div>\n<\/div>\n\n\n\n<div class=\"wp-block-uagb-container uagb-block-dd889089\">\n<div class=\"wp-block-uagb-image uagb-block-eb7c0edb wp-block-uagb-image--layout-default wp-block-uagb-image--effect-zoomin wp-block-uagb-image--align-none\"><figure class=\"wp-block-uagb-image__figure\"><img srcset=\"https:\/\/munidejutiapa.gob.gt\/wp-content\/uploads\/2024\/03\/15-1024x682.jpg ,https:\/\/munidejutiapa.gob.gt\/wp-content\/uploads\/2024\/03\/15.jpg 780w, https:\/\/munidejutiapa.gob.gt\/wp-content\/uploads\/2024\/03\/15.jpg 360w\" sizes=\"(max-width: 480px) 150px\" src=\"https:\/\/munidejutiapa.gob.gt\/wp-content\/uploads\/2024\/03\/15-1024x682.jpg\" alt=\"\" class=\"uag-image-15097\" width=\"1280\" height=\"853\" title=\"Concejal V\" loading=\"lazy\" role=\"img\"\/><figcaption class=\"uagb-image-caption\"><strong>Jos\u00e9 Fernando Garc\u00eda C\u00e1mbara<\/strong><br>Concejal V<\/figcaption><\/figure><\/div>\n<\/div>\n\n\n\n<div class=\"wp-block-uagb-container uagb-block-856b8e83\">\n<div class=\"wp-block-uagb-image uagb-block-d5581465 wp-block-uagb-image--layout-default wp-block-uagb-image--effect-zoomin wp-block-uagb-image--align-none\"><figure class=\"wp-block-uagb-image__figure\"><img srcset=\"https:\/\/munidejutiapa.gob.gt\/wp-content\/uploads\/2024\/03\/07-3-1024x682.jpg ,https:\/\/munidejutiapa.gob.gt\/wp-content\/uploads\/2024\/03\/07-3.jpg 780w, https:\/\/munidejutiapa.gob.gt\/wp-content\/uploads\/2024\/03\/07-3.jpg 360w\" sizes=\"(max-width: 480px) 150px\" src=\"https:\/\/munidejutiapa.gob.gt\/wp-content\/uploads\/2024\/03\/07-3-1024x682.jpg\" alt=\"\" class=\"uag-image-15100\" width=\"1280\" height=\"853\" title=\"Concejal VI\" loading=\"lazy\" role=\"img\"\/><figcaption class=\"uagb-image-caption\"><strong>Jorge Oliverio Ram\u00edrez Pe\u00f1a<\/strong><br>Concejal VI<\/figcaption><\/figure><\/div>\n<\/div>\n\n\n\n<div class=\"wp-block-uagb-container uagb-block-3e1ece2a\">\n<div class=\"wp-block-uagb-image uagb-block-8250df75 wp-block-uagb-image--layout-default wp-block-uagb-image--effect-zoomin wp-block-uagb-image--align-none\"><figure class=\"wp-block-uagb-image__figure\"><img srcset=\"https:\/\/munidejutiapa.gob.gt\/wp-content\/uploads\/2024\/03\/01-3-1024x682.jpg ,https:\/\/munidejutiapa.gob.gt\/wp-content\/uploads\/2024\/03\/01-3.jpg 780w, https:\/\/munidejutiapa.gob.gt\/wp-content\/uploads\/2024\/03\/01-3.jpg 360w\" sizes=\"(max-width: 480px) 150px\" src=\"https:\/\/munidejutiapa.gob.gt\/wp-content\/uploads\/2024\/03\/01-3-1024x682.jpg\" alt=\"\" class=\"uag-image-15105\" width=\"740\" height=\"493\" title=\"01-3\" loading=\"lazy\" role=\"img\"\/><figcaption class=\"uagb-image-caption\"><strong>Danny Gerardo Castro Tejada<\/strong><br>Concejal VII<\/figcaption><\/figure><\/div>\n<\/div>\n\n\n\n<div class=\"wp-block-uagb-container uagb-block-483d0d6d\">\n<div class=\"wp-block-uagb-image uagb-block-f4140203 wp-block-uagb-image--layout-default wp-block-uagb-image--effect-zoomin wp-block-uagb-image--align-none\"><figure class=\"wp-block-uagb-image__figure\"><img srcset=\"https:\/\/munidejutiapa.gob.gt\/wp-content\/uploads\/2024\/03\/05-4-1024x682.jpg ,https:\/\/munidejutiapa.gob.gt\/wp-content\/uploads\/2024\/03\/05-4.jpg 780w, https:\/\/munidejutiapa.gob.gt\/wp-content\/uploads\/2024\/03\/05-4.jpg 360w\" sizes=\"(max-width: 480px) 150px\" src=\"https:\/\/munidejutiapa.gob.gt\/wp-content\/uploads\/2024\/03\/05-4-1024x682.jpg\" alt=\"\" class=\"uag-image-15111\" width=\"740\" height=\"493\" title=\"05-4\" loading=\"lazy\" role=\"img\"\/><figcaption class=\"uagb-image-caption\"><strong>Roger Alexander Arana Mazariegos<\/strong><br>Concejal VIII<\/figcaption><\/figure><\/div>\n<\/div>\n<\/div><\/div>\n\n\n\n<div class=\"wp-block-uagb-container uagb-block-808f3b53 alignfull uagb-is-root-container\"><div class=\"uagb-container-inner-blocks-wrap\">\n<div class=\"wp-block-uagb-container uagb-block-4517f220\">\n<div class=\"wp-block-uagb-image uagb-block-8d2d92f4 wp-block-uagb-image--layout-default wp-block-uagb-image--effect-zoomin wp-block-uagb-image--align-none\"><figure class=\"wp-block-uagb-image__figure\"><img srcset=\"https:\/\/munidejutiapa.gob.gt\/wp-content\/uploads\/2024\/03\/11-1-1024x682.jpg ,https:\/\/munidejutiapa.gob.gt\/wp-content\/uploads\/2024\/03\/11-1.jpg 780w, https:\/\/munidejutiapa.gob.gt\/wp-content\/uploads\/2024\/03\/11-1.jpg 360w\" sizes=\"(max-width: 480px) 150px\" src=\"https:\/\/munidejutiapa.gob.gt\/wp-content\/uploads\/2024\/03\/11-1-1024x682.jpg\" alt=\"\" class=\"uag-image-15133\" width=\"740\" height=\"493\" title=\"11-1\" loading=\"lazy\" role=\"img\"\/><figcaption class=\"uagb-image-caption\"><strong>Olga Marina Gonz\u00e1lez Sarce\u00f1o De Padilla<\/strong><br>Concejal IX<\/figcaption><\/figure><\/div>\n<\/div>\n\n\n\n<div class=\"wp-block-uagb-container uagb-block-0eabe6c5\">\n<div class=\"wp-block-uagb-image uagb-block-148fd7f6 wp-block-uagb-image--layout-default wp-block-uagb-image--effect-zoomin wp-block-uagb-image--align-none\"><figure class=\"wp-block-uagb-image__figure\"><img srcset=\"https:\/\/munidejutiapa.gob.gt\/wp-content\/uploads\/2024\/03\/12-1024x682.jpg ,https:\/\/munidejutiapa.gob.gt\/wp-content\/uploads\/2024\/03\/12.jpg 780w, https:\/\/munidejutiapa.gob.gt\/wp-content\/uploads\/2024\/03\/12.jpg 360w\" sizes=\"(max-width: 480px) 150px\" src=\"https:\/\/munidejutiapa.gob.gt\/wp-content\/uploads\/2024\/03\/12-1024x682.jpg\" alt=\"\" class=\"uag-image-15136\" width=\"740\" height=\"493\" title=\"12\" loading=\"lazy\" role=\"img\"\/><figcaption class=\"uagb-image-caption\"><strong>Sharol Vanesa P\u00e9rez Vega De Soto<\/strong><br>Concejal X<\/figcaption><\/figure><\/div>\n<\/div>\n\n\n\n<div class=\"wp-block-uagb-container uagb-block-84d0bd1f\">\n<div class=\"wp-block-uagb-image uagb-block-b82906cb wp-block-uagb-image--layout-default wp-block-uagb-image--effect-zoomin wp-block-uagb-image--align-none\"><figure class=\"wp-block-uagb-image__figure\"><img srcset=\"https:\/\/munidejutiapa.gob.gt\/wp-content\/uploads\/2024\/03\/16-1-1024x682.jpg ,https:\/\/munidejutiapa.gob.gt\/wp-content\/uploads\/2024\/03\/16-1.jpg 780w, https:\/\/munidejutiapa.gob.gt\/wp-content\/uploads\/2024\/03\/16-1.jpg 360w\" sizes=\"(max-width: 480px) 150px\" src=\"https:\/\/munidejutiapa.gob.gt\/wp-content\/uploads\/2024\/03\/16-1-1024x682.jpg\" alt=\"\" class=\"uag-image-15186\" width=\"1280\" height=\"853\" title=\"Concejal Suplente III\" loading=\"lazy\" role=\"img\"\/><figcaption class=\"uagb-image-caption\"><strong>Elfidio Gabriel Colocho Ar\u00e9valo<\/strong><br>Concejal Suplente III<\/figcaption><\/figure><\/div>\n<\/div>\n\n\n\n<div class=\"wp-block-uagb-container uagb-block-405c5a7f\">\n<div class=\"wp-block-uagb-image uagb-block-1383d946 wp-block-uagb-image--layout-default wp-block-uagb-image--effect-zoomin wp-block-uagb-image--align-none\"><figure class=\"wp-block-uagb-image__figure\"><\/figure><\/div>\n<\/div>\n\n\n\n<div class=\"wp-block-uagb-container uagb-block-004b1abc\"><\/div>\n\n\n\n<div class=\"wp-block-uagb-container uagb-block-4b148193\">\n<div class=\"wp-block-uagb-image uagb-block-a74eaaf2 wp-block-uagb-image--layout-default wp-block-uagb-image--effect-zoomin wp-block-uagb-image--align-none\"><figure class=\"wp-block-uagb-image__figure\"><\/figure><\/div>\n<\/div>\n\n\n\n<div class=\"wp-block-uagb-container uagb-block-c0128b58\">\n<div class=\"wp-block-uagb-image uagb-block-977371b6 wp-block-uagb-image--layout-default wp-block-uagb-image--effect-zoomin wp-block-uagb-image--align-none\"><figure class=\"wp-block-uagb-image__figure\"><\/figure><\/div>\n<\/div>\n<\/div><\/div>\n","protected":false},"excerpt":{"rendered":"","protected":false},"author":1,"featured_media":0,"parent":0,"menu_order":0,"comment_status":"closed","ping_status":"closed","template":"page-fullwidth.php","meta":{"_uag_custom_page_level_css":""},"uagb_featured_image_src":{"full":false,"thumbnail":false,"medium":false,"medium_large":false,"large":false,"1536x1536":false,"2048x2048":false,"post-thumbnail":false,"mvp-post-thumb":false,"mvp-port-thumb":false,"mvp-large-thumb":false,"mvp-mid-thumb":false,"mvp-small-thumb":false},"uagb_author_info":{"display_name":"Municipalidad de Jutiapa","author_link":"https:\/\/munidejutiapa.gob.gt\/?author=1"},"uagb_comment_info":0,"uagb_excerpt":null,"_links":{"self":[{"href":"https:\/\/munidejutiapa.gob.gt\/index.php?rest_route=\/wp\/v2\/pages\/15065"}],"collection":[{"href":"https:\/\/munidejutiapa.gob.gt\/index.php?rest_route=\/wp\/v2\/pages"}],"about":[{"href":"https:\/\/munidejutiapa.gob.gt\/index.php?rest_route=\/wp\/v2\/types\/page"}],"author":[{"embeddable":true,"href":"https:\/\/munidejutiapa.gob.gt\/index.php?rest_route=\/wp\/v2\/users\/1"}],"replies":[{"embeddable":true,"href":"https:\/\/munidejutiapa.gob.gt\/index.php?rest_route=%2Fwp%2Fv2%2Fcomments&post=15065"}],"version-history":[{"count":94,"href":"https:\/\/munidejutiapa.gob.gt\/index.php?rest_route=\/wp\/v2\/pages\/15065\/revisions"}],"predecessor-version":[{"id":18080,"href":"https:\/\/munidejutiapa.gob.gt\/index.php?rest_route=\/wp\/v2\/pages\/15065\/revisions\/18080"}],"wp:attachment":[{"href":"https:\/\/munidejutiapa.gob.gt\/index.php?rest_route=%2Fwp%2Fv2%2Fmedia&parent=15065"}],"curies":[{"name":"wp","href":"https:\/\/api.w.org\/{rel}","templated":true}]}}